{"id":103,"date":"2018-03-17T16:24:51","date_gmt":"2018-03-17T15:24:51","guid":{"rendered":"http:\/\/parafia-radziszewo.pl\/?page_id=103"},"modified":"2024-11-01T22:45:49","modified_gmt":"2024-11-01T21:45:49","slug":"koscioly","status":"publish","type":"page","link":"http:\/\/parafia-radziszewo.pl\/?page_id=103","title":{"rendered":"Parafia"},"content":{"rendered":"<div><img loading=\"lazy\" decoding=\"async\" class=\"aligncenter wp-image-505 size-large\" src=\"http:\/\/parafia-radziszewo.pl\/wp-content\/uploads\/2018\/04\/Panorama-003-1024x414.jpg\" alt=\"\" width=\"660\" height=\"267\" srcset=\"http:\/\/parafia-radziszewo.pl\/wp-content\/uploads\/2018\/04\/Panorama-003-1024x414.jpg 1024w, http:\/\/parafia-radziszewo.pl\/wp-content\/uploads\/2018\/04\/Panorama-003-300x121.jpg 300w, http:\/\/parafia-radziszewo.pl\/wp-content\/uploads\/2018\/04\/Panorama-003-768x311.jpg 768w, http:\/\/parafia-radziszewo.pl\/wp-content\/uploads\/2018\/04\/Panorama-003-700x283.jpg 700w, http:\/\/parafia-radziszewo.pl\/wp-content\/uploads\/2018\/04\/Panorama-003-332x134.jpg 332w, http:\/\/parafia-radziszewo.pl\/wp-content\/uploads\/2018\/04\/Panorama-003.jpg 1900w\" sizes=\"auto, (max-width: 660px) 100vw, 660px\" \/><\/div>\n<p style=\"text-align: center;\"><span style=\"color: #000000; font-family: 'book antiqua', palatino, serif;\"><strong>Ko\u015bci\u00f3\u0142 Parafialny w Radziszewie<\/strong><\/span><\/p>\n<div style=\"text-align: center;\"><img loading=\"lazy\" decoding=\"async\" class=\"aligncenter wp-image-499 size-large\" src=\"http:\/\/parafia-radziszewo.pl\/wp-content\/uploads\/2018\/04\/DSC_6713-1024x678.jpg\" alt=\"\" width=\"660\" height=\"437\" srcset=\"http:\/\/parafia-radziszewo.pl\/wp-content\/uploads\/2018\/04\/DSC_6713-1024x678.jpg 1024w, http:\/\/parafia-radziszewo.pl\/wp-content\/uploads\/2018\/04\/DSC_6713-300x199.jpg 300w, http:\/\/parafia-radziszewo.pl\/wp-content\/uploads\/2018\/04\/DSC_6713-768x509.jpg 768w, http:\/\/parafia-radziszewo.pl\/wp-content\/uploads\/2018\/04\/DSC_6713-700x464.jpg 700w, http:\/\/parafia-radziszewo.pl\/wp-content\/uploads\/2018\/04\/DSC_6713-332x220.jpg 332w, http:\/\/parafia-radziszewo.pl\/wp-content\/uploads\/2018\/04\/DSC_6713.jpg 1519w\" sizes=\"auto, (max-width: 660px) 100vw, 660px\" \/><\/div>\n<div style=\"text-align: center;\"><span style=\"font-family: 'book antiqua', palatino, serif;\"><strong><span style=\"color: #000000;\">Ko\u015bci\u00f3\u0142 Filialny w Chlebowie<\/span><\/strong><\/span><\/div>\n<div style=\"text-align: center;\"><img loading=\"lazy\" decoding=\"async\" class=\"aligncenter wp-image-501 size-large\" src=\"http:\/\/parafia-radziszewo.pl\/wp-content\/uploads\/2018\/04\/DSC_6725-1024x678.jpg\" alt=\"\" width=\"660\" height=\"437\" srcset=\"http:\/\/parafia-radziszewo.pl\/wp-content\/uploads\/2018\/04\/DSC_6725-1024x678.jpg 1024w, http:\/\/parafia-radziszewo.pl\/wp-content\/uploads\/2018\/04\/DSC_6725-300x199.jpg 300w, http:\/\/parafia-radziszewo.pl\/wp-content\/uploads\/2018\/04\/DSC_6725-768x509.jpg 768w, http:\/\/parafia-radziszewo.pl\/wp-content\/uploads\/2018\/04\/DSC_6725-700x464.jpg 700w, http:\/\/parafia-radziszewo.pl\/wp-content\/uploads\/2018\/04\/DSC_6725-332x220.jpg 332w, http:\/\/parafia-radziszewo.pl\/wp-content\/uploads\/2018\/04\/DSC_6725.jpg 1519w\" sizes=\"auto, (max-width: 660px) 100vw, 660px\" \/><\/div>\n<div style=\"text-align: center;\"><span style=\"font-family: 'book antiqua', palatino, serif;\"><strong><span style=\"color: #000000;\">Ko\u015bci\u00f3\u0142 Filialny w Starych Brynkach<\/span><\/strong><\/span><\/div>\n<div><\/div>\n","protected":false},"excerpt":{"rendered":"<p>Ko\u015bci\u00f3\u0142 Parafialny w Radziszewie Ko\u015bci\u00f3\u0142 Filialny w Chlebowie Ko\u015bci\u00f3\u0142 Filialny w Starych Brynkach<\/p>\n","protected":false},"author":1,"featured_media":0,"parent":0,"menu_order":3,"comment_status":"closed","ping_status":"closed","template":"","meta":{"footnotes":""},"class_list":["post-103","page","type-page","status-publish","hentry","column","twocol"],"_links":{"self":[{"href":"http:\/\/parafia-radziszewo.pl\/index.php?rest_route=\/wp\/v2\/pages\/103","targetHints":{"allow":["GET"]}}],"collection":[{"href":"http:\/\/parafia-radziszewo.pl\/index.php?rest_route=\/wp\/v2\/pages"}],"about":[{"href":"http:\/\/parafia-radziszewo.pl\/index.php?rest_route=\/wp\/v2\/types\/page"}],"author":[{"embeddable":true,"href":"http:\/\/parafia-radziszewo.pl\/index.php?rest_route=\/wp\/v2\/users\/1"}],"replies":[{"embeddable":true,"href":"http:\/\/parafia-radziszewo.pl\/index.php?rest_route=%2Fwp%2Fv2%2Fcomments&post=103"}],"version-history":[{"count":10,"href":"http:\/\/parafia-radziszewo.pl\/index.php?rest_route=\/wp\/v2\/pages\/103\/revisions"}],"predecessor-version":[{"id":3657,"href":"http:\/\/parafia-radziszewo.pl\/index.php?rest_route=\/wp\/v2\/pages\/103\/revisions\/3657"}],"wp:attachment":[{"href":"http:\/\/parafia-radziszewo.pl\/index.php?rest_route=%2Fwp%2Fv2%2Fmedia&parent=103"}],"curies":[{"name":"wp","href":"https:\/\/api.w.org\/{rel}","templated":true}]}}