{"id":125,"date":"2018-03-17T16:44:25","date_gmt":"2018-03-17T15:44:25","guid":{"rendered":"http:\/\/parafia-radziszewo.pl\/?page_id=125"},"modified":"2022-03-31T22:49:46","modified_gmt":"2022-03-31T20:49:46","slug":"komunia-swieta","status":"publish","type":"page","link":"http:\/\/parafia-radziszewo.pl\/?page_id=125","title":{"rendered":"Komunia \u015bwi\u0119ta"},"content":{"rendered":"<p><img loading=\"lazy\" decoding=\"async\" class=\" wp-image-162 alignleft\" src=\"http:\/\/parafia-radziszewo.pl\/wp-content\/uploads\/2018\/03\/komunia-01-300x149.jpg\" alt=\"\" width=\"332\" height=\"165\" srcset=\"http:\/\/parafia-radziszewo.pl\/wp-content\/uploads\/2018\/03\/komunia-01-300x149.jpg 300w, http:\/\/parafia-radziszewo.pl\/wp-content\/uploads\/2018\/03\/komunia-01-768x381.jpg 768w, http:\/\/parafia-radziszewo.pl\/wp-content\/uploads\/2018\/03\/komunia-01-700x347.jpg 700w, http:\/\/parafia-radziszewo.pl\/wp-content\/uploads\/2018\/03\/komunia-01-332x165.jpg 332w, http:\/\/parafia-radziszewo.pl\/wp-content\/uploads\/2018\/03\/komunia-01.jpg 807w\" sizes=\"auto, (max-width: 332px) 100vw, 332px\" \/><\/p>\n<p>&nbsp;<\/p>\n<div><span style=\"font-family: 'book antiqua', palatino, serif;\"><em>Pozw\u00f3lcie dzieciom przychodzi\u0107 do Mnie, nie przeszkadzajcie im; do takich bowiem nale\u017cy kr\u00f3lestwo Bo\u017ce<\/em><\/span><\/div>\n<div><span style=\"font-family: 'book antiqua', palatino, serif;\"><em>(Ewangelia wg \u015bw. Marka)<\/em><\/span><\/div>\n<p>&nbsp;<\/p>\n<p style=\"text-align: left;\"><span style=\"font-family: 'book antiqua', palatino, serif;\"><span style=\"font-size: 20px;\"><strong>Eucharystia<\/strong><\/span><span style=\"font-size: 14px;\">\u00a0 <\/span>jest \u201e\u017ar\u00f3d\u0142em i zarazem szczytem ca\u0142ego \u017cycia chrze\u015bcija\u0144skiego\u201d. Chrystus Pan powiedzia\u0142 wyra\u017anie: \u201eJe\u017celi nie b\u0119dziecie spo\u017cywali Cia\u0142a Syna Cz\u0142owieczego i nie b\u0119dziecie pili Krwi Jego, nie b\u0119dziecie mieli \u017cycia w sobie. Kto spo\u017cywa moje Cia\u0142o i pije moj\u0105 Krew, ma \u017cycie wieczne, a Ja go wskrzesz\u0119 w dniu ostatecznym\u201d (J 6,53-54)<\/span><\/p>\n<p style=\"text-align: left;\"><span style=\"font-family: 'book antiqua', palatino, serif;\">Ko\u015bci\u00f3\u0142 otrzyma\u0142 od Chrystusa jako dar najwi\u0119kszy Eucharysti\u0119. Dlatego Ko\u015bci\u00f3\u0142 troszczy si\u0119, aby chrze\u015bcijanie dobrze rozumieli tajemnic\u0119 Eucharystii, \u015bwiadomie, aktywnie, pobo\u017cnie i owocnie w niej uczestniczyli. Czyni to szczeg\u00f3lnie podczas przygotowania dzieci do pierwszego, pe\u0142nego uczestnictwa w Eucharystii. Przygotowanie to zmierza do wyrobienia u dzieci postawy dysponuj\u0105cej do w\u0142a\u015bciwego prze\u017cywania Eucharystii. Wa\u017cnym elementem tego przygotowania jest te\u017c sam przebieg i prze\u017cycie przez dzieci uroczysto\u015bci pierwszej spowiedzi i Komunii \u015awi\u0119tej.<\/span><\/p>\n<p style=\"text-align: left;\"><span style=\"font-family: 'book antiqua', palatino, serif;\">Bezpo\u015brednie przygotowanie do pierwszej spowiedzi i pierwszego pe\u0142nego uczestnictwa we Mszy \u015bw. rozpoczyna si\u0119 w klasie II poprzez katechizacj\u0119 i spotkania w parafii. Rodzice do tego wydarzenia przygotowuj\u0105 dziecko ju\u017c od samego urodzenia poprzez wsp\u00f3ln\u0105 modlitw\u0119, pacierz, udzia\u0142 w \u017cyciu liturgicznym parafii, msz\u0119 \u015bwi\u0119t\u0105. W ten spos\u00f3b dzieci b\u0119d\u0105 uczy\u0142y si\u0119, i\u017c rezultatem drogi nawr\u00f3cenia jest wej\u015bcie w komuni\u0119 z Bogiem i Ko\u015bcio\u0142em, kt\u00f3ra najpe\u0142niej wyra\u017ca si\u0119 w ponownym przyst\u0119powaniu do Eucharystii.<\/span><\/p>\n<p style=\"text-align: left;\"><span style=\"font-family: 'book antiqua', palatino, serif;\"><strong>Sakrament pokuty<\/strong><\/span><br \/>\n<span style=\"font-family: 'book antiqua', palatino, serif;\"> Dzie\u0144 Pierwszej Komunii \u015bwi\u0119tej to misterium spotkania si\u0119 z niepoj\u0119tym Bogiem, kt\u00f3ry objawia si\u0119 cz\u0142owiekowi z ca\u0142\u0105 pe\u0142ni\u0105 swoich dar\u00f3w, pod postaciami Chleba i Wina. Po drodze jednak do o\u0142tarza dziecko zatrzyma\u0107 si\u0119 musi przy konfesjonale. Rodzice powinni w mo\u017cliwie najdelikatniejszy spos\u00f3b pom\u00f3c ksi\u0119dzu przygotowuj\u0105cemu dziecko do Sakramentu Pojednania i Pierwszej Komunii \u015bw. Niech konfesjona\u0142 od pierwszej chwili nie stanie si\u0119 miejscem samooskar\u017cania si\u0119 lecz b\u0119dzie miejscem ca\u0142kowitego oddania si\u0119 przebywaj\u0105cej tam Mi\u0142o\u015bci Jezusa Chrystusa m\u00f3wi\u0105cego przez kap\u0142ana.<\/span><\/p>\n<p style=\"text-align: left;\"><span style=\"font-family: 'book antiqua', palatino, serif;\">Dziecko przyst\u0119puje do I Komunii \u015awi\u0119tej w swojej parafii. Tylko w uzasadnionych sytuacjach mo\u017ce przyst\u0105pi\u0107 do tego sakramentu w innej parafii po przedstawieniu stosownych dokument\u00f3w.<\/span><\/p>\n<p style=\"text-align: left;\"><span style=\"font-family: 'book antiqua', palatino, serif;\">Aby dziecko mog\u0142o przyst\u0105pi\u0107 do I Komunii \u015awi\u0119tej nale\u017cy przedstawi\u0107:<\/span><\/p>\n<ul>\n<li style=\"text-align: left;\"><span style=\"font-family: 'book antiqua', palatino, serif;\">\u015bwiadectwo chrztu, je\u015bli sakrament ten zosta\u0142 przyj\u0119ty, przez dziecko, w innej parafii,<\/span><\/li>\n<li style=\"text-align: left;\"><span style=\"font-family: 'book antiqua', palatino, serif;\">pisemn\u0105 zgod\u0119 Ksi\u0119dza Proboszcza z w\u0142asnej parafii (je\u015bli dziecko nale\u017cy do innej parafii),<\/span><\/li>\n<li style=\"text-align: left;\"><span style=\"font-family: 'book antiqua', palatino, serif;\">za\u015bwiadczenia o ucz\u0119szczaniu na katechizacj\u0119 i dopuszczeniu do I Komunii \u015awi\u0119tej wydane przez katechet\u0119.<\/span><\/li>\n<\/ul>\n<p><span style=\"font-family: 'book antiqua', palatino, serif;\">Wi\u0119cej informacji nt. sakramentu bierzmowania mo\u017cna uzyska\u0107 czytaj\u0105c:<\/span><\/p>\n<ul>\n<li><a class=\"UnderlineLink\" href=\"http:\/\/www.kkbids.episkopat.pl\/?id=240\" target=\"_blank\" rel=\"noopener noreferrer\">Instrukcj\u0119 Episkopatu Polski<\/a><\/li>\n<li><a href=\"http:\/\/parafia-radziszewo.pl\/wp-content\/uploads\/2018\/03\/Kodeks-Prawa-Kanonicznego.pdf\">Kodeks Prawa Kanonicznego<\/a><\/li>\n<\/ul>\n","protected":false},"excerpt":{"rendered":"<p>&nbsp; Pozw\u00f3lcie dzieciom przychodzi\u0107 do Mnie, nie przeszkadzajcie im; do takich bowiem nale\u017cy kr\u00f3lestwo Bo\u017ce (Ewangelia wg \u015bw. Marka) &nbsp; Eucharystia\u00a0 jest \u201e\u017ar\u00f3d\u0142em i zarazem szczytem ca\u0142ego \u017cycia chrze\u015bcija\u0144skiego\u201d. Chrystus Pan powiedzia\u0142 wyra\u017anie: \u201eJe\u017celi nie b\u0119dziecie spo\u017cywali Cia\u0142a Syna Cz\u0142owieczego i nie b\u0119dziecie pili Krwi Jego, nie b\u0119dziecie mieli \u017cycia &#8230;<\/p>\n","protected":false},"author":1,"featured_media":0,"parent":0,"menu_order":9,"comment_status":"closed","ping_status":"closed","template":"","meta":{"footnotes":""},"class_list":["post-125","page","type-page","status-publish","hentry","column","twocol"],"_links":{"self":[{"href":"http:\/\/parafia-radziszewo.pl\/index.php?rest_route=\/wp\/v2\/pages\/125","targetHints":{"allow":["GET"]}}],"collection":[{"href":"http:\/\/parafia-radziszewo.pl\/index.php?rest_route=\/wp\/v2\/pages"}],"about":[{"href":"http:\/\/parafia-radziszewo.pl\/index.php?rest_route=\/wp\/v2\/types\/page"}],"author":[{"embeddable":true,"href":"http:\/\/parafia-radziszewo.pl\/index.php?rest_route=\/wp\/v2\/users\/1"}],"replies":[{"embeddable":true,"href":"http:\/\/parafia-radziszewo.pl\/index.php?rest_route=%2Fwp%2Fv2%2Fcomments&post=125"}],"version-history":[{"count":20,"href":"http:\/\/parafia-radziszewo.pl\/index.php?rest_route=\/wp\/v2\/pages\/125\/revisions"}],"predecessor-version":[{"id":1648,"href":"http:\/\/parafia-radziszewo.pl\/index.php?rest_route=\/wp\/v2\/pages\/125\/revisions\/1648"}],"wp:attachment":[{"href":"http:\/\/parafia-radziszewo.pl\/index.php?rest_route=%2Fwp%2Fv2%2Fmedia&parent=125"}],"curies":[{"name":"wp","href":"https:\/\/api.w.org\/{rel}","templated":true}]}}