{"id":137,"date":"2018-03-17T16:46:35","date_gmt":"2018-03-17T15:46:35","guid":{"rendered":"http:\/\/parafia-radziszewo.pl\/?page_id=137"},"modified":"2022-03-31T22:50:38","modified_gmt":"2022-03-31T20:50:38","slug":"kaplanstwo","status":"publish","type":"page","link":"http:\/\/parafia-radziszewo.pl\/?page_id=137","title":{"rendered":"Kap\u0142a\u0144stwo"},"content":{"rendered":"<p><img loading=\"lazy\" decoding=\"async\" class=\" wp-image-232 alignleft\" src=\"http:\/\/parafia-radziszewo.pl\/wp-content\/uploads\/2018\/03\/kap\u0142a\u0144stwo-225x300.jpg\" alt=\"\" width=\"207\" height=\"276\" srcset=\"http:\/\/parafia-radziszewo.pl\/wp-content\/uploads\/2018\/03\/kap\u0142a\u0144stwo-225x300.jpg 225w, http:\/\/parafia-radziszewo.pl\/wp-content\/uploads\/2018\/03\/kap\u0142a\u0144stwo.jpg 331w\" sizes=\"auto, (max-width: 207px) 100vw, 207px\" \/><\/p>\n<p>&nbsp;<\/p>\n<p><span style=\"font-size: 24px; font-family: 'book antiqua', palatino, serif;\"><strong>Kap\u0142a\u0144stwo <\/strong><\/span><\/p>\n<p><span style=\"font-size: 14px; font-family: 'book antiqua', palatino, serif;\">Sakrament \u015bwi\u0119ce\u0144 jest sakramentem, dzi\u0119ki kt\u00f3remu pos\u0142anie, powierzone przez Chrystusa Aposto\u0142om, nadal jest spe\u0142niane w Ko\u015bciele a\u017c do ko\u0144ca czas\u00f3w. Jest to wi\u0119c sakrament pos\u0142ugi apostolskiej. Obejmuje on trzy stopnie: episkopat, prezbiterat i diakonat. KKK: 1536<\/span><\/p>\n<p>&nbsp;<\/p>\n<p><span style=\"font-size: 14px; font-family: 'book antiqua', palatino, serif;\">W s\u0142u\u017cbie eklezjalnej wy\u015bwi\u0119conego kap\u0142ana jest obecny w swoim Ko\u015bciele sam Chrystus jako G\u0142owa swojego Cia\u0142a, jako Pasterz swojej trzody, Arcykap\u0142an odkupie\u0144czej ofiary, Nauczyciel Prawdy. To w\u0142a\u015bnie wyra\u017ca Ko\u015bci\u00f3\u0142, m\u00f3wi\u0105c, \u017ce kap\u0142an na mocy sakramentu \u015bwi\u0119ce\u0144 dzia\u0142a &#8222;w osobie Chrystusa-G\u0142owy&#8221; (in persona Christi Capitis): Jest wi\u0119c jeden i ten sam Kap\u0142an, Chrystus Jezus, kt\u00f3rego naj\u015bwi\u0119tsz\u0105 Osob\u0119 zast\u0119puje kap\u0142an. Ten ostatni bowiem dzi\u0119ki konsekracji kap\u0142a\u0144skiej upodabnia si\u0119 do Najwy\u017cszego Kap\u0142ana i posiada w\u0142adz\u0119 dzia\u0142ania moc\u0105 i w osobie samego Chrystusa (virtute ac persona ipsius Christi).<\/span><br \/>\n<span style=\"font-size: 14px; font-family: 'book antiqua', palatino, serif;\"> Chrystus jest \u017ar\u00f3d\u0142em wszelkiego kap\u0142a\u0144stwa: kap\u0142an Starego Prawa by\u0142 figur\u0105 Chrystusa, a kap\u0142an Nowego Prawa dzia\u0142a moc\u0105 i w imieniu samego Chrystusa. KKK: 1548<\/span><\/p>\n<p><span style=\"font-size: 14px; font-family: 'book antiqua', palatino, serif;\">&#8222;Urz\u0105d&#8230; kt\u00f3ry Pan powierzy\u0142 pasterzom ludu swego, jest prawdziw\u0105 s\u0142u\u017cb\u0105&#8221;. Kap\u0142a\u0144stwo jest ca\u0142kowicie skierowane ku Chrystusowi i ludziom. Zale\u017cy ca\u0142kowicie od Chrystusa i Jego jedynego kap\u0142a\u0144stwa; zosta\u0142o ustanowione dla ludzi i dla wsp\u00f3lnoty Ko\u015bcio\u0142a. Sakrament \u015bwi\u0119ce\u0144 przekazuje \u015bwi\u0119t\u0105 w\u0142adz\u0119, kt\u00f3ra jest jedynie w\u0142adz\u0105 Chrystusa. Wykonywanie tej w\u0142adzy powinno wi\u0119c stosowa\u0107 si\u0119 do wzoru Chrystusa, kt\u00f3ry z mi\u0142o\u015bci uczyni\u0142 si\u0119 ostatnim i sta\u0142 si\u0119 s\u0142ug\u0105 wszystkich. &#8222;S\u0142usznie wi\u0119c nazwa\u0142 Pan opiek\u0119 nad owieczkami dowodem mi\u0142o\u015bci wzgl\u0119dem Niego&#8221;. KKK: 1551<\/span><\/p>\n<p><span style=\"font-size: 14px; font-family: 'book antiqua', palatino, serif;\"> &#8222;\u015awi\u0119cenia wa\u017cnie przyjmuje tylko m\u0119\u017cczyzna (vir) ochrzczony&#8221;. Pan Jezus wybra\u0142 m\u0119\u017cczyzn (viri), by utworzy\u0107 kolegium Dwunastu Aposto\u0142\u00f3w, i tak samo czynili Aposto\u0142owie, gdy wybierali swoich wsp\u00f3\u0142pracownik\u00f3w, kt\u00f3rzy mieli przej\u0105\u0107 ich misj\u0119. Kolegium Biskup\u00f3w, z kt\u00f3rym prezbiterzy s\u0105 zjednoczeni w kap\u0142a\u0144stwie, uobecnia i aktualizuje a\u017c do powrotu Chrystusa kolegium Dwunastu. Ko\u015bci\u00f3\u0142 czuje si\u0119 zwi\u0105zany tym wyborem dokonanym przez samego Pana. Z tego powodu nie s\u0105 mo\u017cliwe \u015bwi\u0119cenia kobiet. KKK: 1577<\/span><\/p>\n<p><span style=\"font-size: 14px; font-family: 'book antiqua', palatino, serif;\">Wszyscy pe\u0142ni\u0105cy pos\u0142ug\u0119 \u015bwi\u0119ce\u0144 w Ko\u015bciele \u0142aci\u0144skim, z wyj\u0105tkiem sta\u0142ych diakon\u00f3w, s\u0105 zazwyczaj wybierani spo\u015br\u00f3d wierz\u0105cych nie \u017conatych m\u0119\u017cczyzn, kt\u00f3rzy chc\u0105 zachowa\u0107 celibat &#8222;dla Kr\u00f3lestwa niebieskiego&#8221; (Mt 19, 1618 12). Powo\u0142ani do tego, by po\u015bwi\u0119ci\u0107 si\u0119 niepodzielnie Panu i &#8222;Jego sprawom&#8221;, oddaj\u0105 si\u0119 ca\u0142kowicie Bogu i ludziom. Celibat jest znakiem nowego \u017cycia, do s\u0142u\u017cby kt\u00f3remu jest konsekrowany szafarz Ko\u015bcio\u0142a. Przyj\u0119ty radosnym sercem, zapowiada on bardzo jasno Kr\u00f3lestwo Bo\u017ce. KKK: 1579<\/span><\/p>\n<p><span style=\"font-size: 14px; font-family: 'book antiqua', palatino, serif;\"> Sakrament \u015bwi\u0119ce\u0144 przyjmuj\u0105cego go upodabnia do Chrystusa dzi\u0119ki specjalnej \u0142asce Ducha \u015awi\u0119tego, czyni\u0105c go narz\u0119dziem Chrystusa dla Jego Ko\u015bcio\u0142a. \u015awi\u0119cenia uzdalniaj\u0105 go, by m\u00f3g\u0142 dzia\u0142a\u0107 jako przedstawiciel Chrystusa, G\u0142owy Ko\u015bcio\u0142a, w Jego potr\u00f3jnej funkcji kap\u0142ana, proroka i kr\u00f3la. Jak w przypadku chrztu i bierzmowania, to uczestnictwo w funkcji Chrystusa jest udzielane raz na zawsze. Sakrament \u015bwi\u0119ce\u0144 wyciska r\u00f3wnie\u017c niezatarty charakter duchowy i nie mo\u017ce by\u0107 powtarzany ani udzielany tylko na pewien czas. KKK: 1582<\/span><\/p>\n<p><span style=\"font-size: 14px; font-family: 'book antiqua', palatino, serif;\"> Kap\u0142a\u0144stwo jest sakramentem, kt\u00f3ry daje w\u0142adz\u0119 sprawowania \u015bwi\u0119tych obowi\u0105zk\u00f3w zwi\u0105zanych z kultem Bo\u017cym i zbawieniem dusz, kt\u00f3ry wyciska na duszy osoby przyjmuj\u0105cej ten sakrament charakter s\u0142ugi Bo\u017cego.<\/span><\/p>\n<p><span style=\"font-size: 14px; font-family: 'book antiqua', palatino, serif;\"> Sakrament Kap\u0142a\u0144stwa zosta\u0142 u<strong>stanowiony przez Chrystusa.<\/strong> Chrystus Pan, wybrawszy Sobie ze \u015bwiata uczni\u00f3w i Aposto\u0142\u00f3w, da\u0142 im uprawnienia kap\u0142a\u0144skie: <strong>&#8222;Jak Ojciec Mnie pos\u0142a\u0142, tak i Ja was posy\u0142am&#8221; (Jan 20, 21), w\u0142adz\u0119 nauczania i udzielania Chrztu \u015bwi\u0119tego: &#8222;Id\u017acie wi\u0119c i nauczajcie wszystkie narody, udzielaj\u0105c im chrztu&#8221; (Mat. 28, 19), w\u0142adz\u0119 sprawowania Ofiary \u015bw.: &#8222;To czy\u0144cie na Moj\u0105 pami\u0105tk\u0119&#8221; (\u0141uk. 22, 19) i moc odpuszczania grzech\u00f3w: &#8222;We\u017amijcie Ducha \u015awi\u0119tego! Kt\u00f3rym odpu\u015bcicie grzechy, s\u0105 im odpuszczone, a kt\u00f3rym zatrzymacie, s\u0105 im zatrzymane&#8221; (Jan 20, 23). <\/strong>Aposto\u0142owie za\u015b &#8211; zgodnie z wol\u0105 Pana Jezusa &#8211; otrzymane od Niego \u0142aski i uprawnienia przekazali swym nast\u0119pcom w chwili, kiedy im udzielali Sakramentu Kap\u0142a\u0144stwa.<\/span><\/p>\n<p><span style=\"font-size: 14px; font-family: 'book antiqua', palatino, serif;\"> <strong>Owoce Sakramentu Kap\u0142a\u0144stwa:<\/strong><\/span><\/p>\n<p><span style=\"font-size: 14px; font-family: 'book antiqua', palatino, serif;\">-udziela w\u0142adzy do wa\u017cnego, a \u0142aski do godnego wykonywania powinno\u015bci kap\u0142a\u0144skich;<\/span><\/p>\n<p><span style=\"font-size: 14px; font-family: 'book antiqua', palatino, serif;\">-wyciska niezatarte znami\u0119 kap\u0142ana Chrystusowego;<\/span><\/p>\n<p><span style=\"font-size: 14px; font-family: 'book antiqua', palatino, serif;\">-pomna\u017ca \u0142ask\u0119 u\u015bwi\u0119caj\u0105c\u0105.<\/span><\/p>\n<p><span style=\"font-size: 14px; font-family: 'book antiqua', palatino, serif;\"> Kap\u0142a\u0144stwo jest powo\u0142aniem, a powo\u0142anie jest \u0142ask\u0105, kt\u00f3ra musi trafi\u0107 na odpowiedni grunt, aby si\u0119 przyj\u0119\u0142a.<\/span><\/p>\n<p>&nbsp;<\/p>\n<p>&nbsp;<\/p>\n<p>&nbsp;<\/p>\n","protected":false},"excerpt":{"rendered":"<p>&nbsp; Kap\u0142a\u0144stwo Sakrament \u015bwi\u0119ce\u0144 jest sakramentem, dzi\u0119ki kt\u00f3remu pos\u0142anie, powierzone przez Chrystusa Aposto\u0142om, nadal jest spe\u0142niane w Ko\u015bciele a\u017c do ko\u0144ca czas\u00f3w. Jest to wi\u0119c sakrament pos\u0142ugi apostolskiej. Obejmuje on trzy stopnie: episkopat, prezbiterat i diakonat. KKK: 1536 &nbsp; W s\u0142u\u017cbie eklezjalnej wy\u015bwi\u0119conego kap\u0142ana jest obecny w swoim Ko\u015bciele sam &#8230;<\/p>\n","protected":false},"author":1,"featured_media":0,"parent":0,"menu_order":13,"comment_status":"closed","ping_status":"closed","template":"","meta":{"footnotes":""},"class_list":["post-137","page","type-page","status-publish","hentry","column","twocol"],"_links":{"self":[{"href":"http:\/\/parafia-radziszewo.pl\/index.php?rest_route=\/wp\/v2\/pages\/137","targetHints":{"allow":["GET"]}}],"collection":[{"href":"http:\/\/parafia-radziszewo.pl\/index.php?rest_route=\/wp\/v2\/pages"}],"about":[{"href":"http:\/\/parafia-radziszewo.pl\/index.php?rest_route=\/wp\/v2\/types\/page"}],"author":[{"embeddable":true,"href":"http:\/\/parafia-radziszewo.pl\/index.php?rest_route=\/wp\/v2\/users\/1"}],"replies":[{"embeddable":true,"href":"http:\/\/parafia-radziszewo.pl\/index.php?rest_route=%2Fwp%2Fv2%2Fcomments&post=137"}],"version-history":[{"count":10,"href":"http:\/\/parafia-radziszewo.pl\/index.php?rest_route=\/wp\/v2\/pages\/137\/revisions"}],"predecessor-version":[{"id":241,"href":"http:\/\/parafia-radziszewo.pl\/index.php?rest_route=\/wp\/v2\/pages\/137\/revisions\/241"}],"wp:attachment":[{"href":"http:\/\/parafia-radziszewo.pl\/index.php?rest_route=%2Fwp%2Fv2%2Fmedia&parent=137"}],"curies":[{"name":"wp","href":"https:\/\/api.w.org\/{rel}","templated":true}]}}