{"id":2751,"date":"2022-11-22T22:32:02","date_gmt":"2022-11-22T21:32:02","guid":{"rendered":"http:\/\/parafia-radziszewo.pl\/?page_id=2751"},"modified":"2025-04-06T19:05:03","modified_gmt":"2025-04-06T17:05:03","slug":"ochrona-prywatnosci","status":"publish","type":"page","link":"http:\/\/parafia-radziszewo.pl\/?page_id=2751","title":{"rendered":"Ochrona prywatno\u015bci"},"content":{"rendered":"<p style=\"text-align: justify;\"><span style=\"font-family: 'book antiqua', palatino, serif; font-size: 16px;\">Celem naszej strony jest dostarczenie czytelnikom rzetelnych i sprawdzonych informacji na temat wiary rzymskokatolickiej, naszej parafii oraz dokumentowanie jej historii dla przysz\u0142ych pokole\u0144. Do tego niezb\u0119dne s\u0105 przede wszystkim fotografie. To dzi\u0119ki nim mo\u017cemy sobie przypomnie\u0107 najpi\u0119kniejsze momenty z \u017cycia naszej spo\u0142eczno\u015bci. W naszej galerii znajduj\u0105 si\u0119 setki zdj\u0119\u0107, wykonanych podczas r\u00f3\u017cnego rodzaju wydarze\u0144.<\/span><\/p>\n<p style=\"text-align: justify;\"><span style=\"font-family: 'book antiqua', palatino, serif; font-size: 16px;\">Zgodnie z art. 81 <a href=\"http:\/\/isap.sejm.gov.pl\/isap.nsf\/download.xsp\/WDU19940240083\/U\/D19940083Lj.pdf\"><em>ustawy o prawie autorskim i prawach pokrewnych<\/em><\/a> zgody na opublikowanie wizerunku nie wymagaj\u0105 materia\u0142y, na kt\u00f3rych wyst\u0119puj\u0105ce osoby stanowi\u0105 jedynie element wi\u0119kszej kompozycji lub zgromadzenia, krajobrazu, publicznego spotkania oraz, osoby powszechnie znane, je\u017celi wizerunek wykonano w zwi\u0105zku z pe\u0142nieniem przez ni\u0105 funkcji publicznych, w szczeg\u00f3lno\u015bci politycznych, spo\u0142ecznych, zawodowych na kt\u00f3rych widoczne s\u0105 osoby sprawuj\u0105ce funkcje publiczne.<\/span><\/p>\n<p style=\"text-align: justify;\"><span style=\"font-family: 'book antiqua', palatino, serif; font-size: 16px;\">Staramy si\u0119, aby fotografie publikowane na stronie internetowej i naszych mediach spo\u0142eczno\u015bciowych nie narusza\u0142y niczyich d\u00f3br osobistych. Wiemy bowiem jak w dzisiejszych czasach troska o sw\u00f3j wizerunek w internecie jest niezwykle wa\u017cny.<\/span><\/p>\n<p><span style=\"font-family: 'book antiqua', palatino, serif; font-size: 16px;\">Je\u015bli nie chcesz, aby twoje zdj\u0119cie znajdowa\u0142o si\u0119 na naszej stronie, poinformuj nas o tym! Wska\u017c, o kt\u00f3re zdj\u0119cie chodzi, podaj\u0105c adres strony, nazw\u0119 galerii oraz nr. zdj\u0119cia:<\/span><\/p>\n<ul style=\"list-style-type: square;\">\n<li><span style=\"font-family: 'book antiqua', palatino, serif; font-size: 16px;\">napisz maila na adres: <span style=\"text-decoration: underline; font-size: 20px;\"><strong><a href=\"mailto:lozowieckim@gmail.com\">administratora strony<\/a><\/strong><\/span> lub<\/span><\/li>\n<li><span style=\"font-family: 'book antiqua', palatino, serif; font-size: 16px;\">skontaktuj si\u0119 poprzez <span style=\"text-decoration: underline; font-size: 20px;\"><strong><a href=\"http:\/\/facebook.com\/ParafiaRadziszewo\">stron\u0119 na Facebooku<\/a><\/strong><\/span>.<\/span><\/li>\n<\/ul>\n<p><span style=\"font-family: 'book antiqua', palatino, serif; font-size: 20px;\">Wsp\u00f3lnie troszczmy si\u0119 o nasze dane osobowe!<\/span><\/p>\n","protected":false},"excerpt":{"rendered":"<p>Celem naszej strony jest dostarczenie czytelnikom rzetelnych i sprawdzonych informacji na temat wiary rzymskokatolickiej, naszej parafii oraz dokumentowanie jej historii dla przysz\u0142ych pokole\u0144. Do tego niezb\u0119dne s\u0105 przede wszystkim fotografie. To dzi\u0119ki nim mo\u017cemy sobie przypomnie\u0107 najpi\u0119kniejsze momenty z \u017cycia naszej spo\u0142eczno\u015bci. W naszej galerii znajduj\u0105 si\u0119 setki zdj\u0119\u0107, wykonanych &#8230;<\/p>\n","protected":false},"author":1,"featured_media":0,"parent":0,"menu_order":50,"comment_status":"closed","ping_status":"closed","template":"","meta":{"footnotes":""},"class_list":["post-2751","page","type-page","status-publish","hentry","column","twocol"],"_links":{"self":[{"href":"http:\/\/parafia-radziszewo.pl\/index.php?rest_route=\/wp\/v2\/pages\/2751","targetHints":{"allow":["GET"]}}],"collection":[{"href":"http:\/\/parafia-radziszewo.pl\/index.php?rest_route=\/wp\/v2\/pages"}],"about":[{"href":"http:\/\/parafia-radziszewo.pl\/index.php?rest_route=\/wp\/v2\/types\/page"}],"author":[{"embeddable":true,"href":"http:\/\/parafia-radziszewo.pl\/index.php?rest_route=\/wp\/v2\/users\/1"}],"replies":[{"embeddable":true,"href":"http:\/\/parafia-radziszewo.pl\/index.php?rest_route=%2Fwp%2Fv2%2Fcomments&post=2751"}],"version-history":[{"count":4,"href":"http:\/\/parafia-radziszewo.pl\/index.php?rest_route=\/wp\/v2\/pages\/2751\/revisions"}],"predecessor-version":[{"id":2755,"href":"http:\/\/parafia-radziszewo.pl\/index.php?rest_route=\/wp\/v2\/pages\/2751\/revisions\/2755"}],"wp:attachment":[{"href":"http:\/\/parafia-radziszewo.pl\/index.php?rest_route=%2Fwp%2Fv2%2Fmedia&parent=2751"}],"curies":[{"name":"wp","href":"https:\/\/api.w.org\/{rel}","templated":true}]}}