{"id":3364,"date":"2024-01-20T12:44:28","date_gmt":"2024-01-20T11:44:28","guid":{"rendered":"http:\/\/parafia-radziszewo.pl\/?page_id=3364"},"modified":"2025-04-06T18:54:37","modified_gmt":"2025-04-06T16:54:37","slug":"zmarli-2024r","status":"publish","type":"page","link":"http:\/\/parafia-radziszewo.pl\/?page_id=3364","title":{"rendered":"Zmarli 2024r."},"content":{"rendered":"<p><img loading=\"lazy\" decoding=\"async\" class=\"size-medium wp-image-2467 aligncenter\" src=\"http:\/\/parafia-radziszewo.pl\/wp-content\/uploads\/2022\/03\/S.P-00-300x109.jpg\" alt=\"\" width=\"300\" height=\"109\" srcset=\"http:\/\/parafia-radziszewo.pl\/wp-content\/uploads\/2022\/03\/S.P-00-300x109.jpg 300w, http:\/\/parafia-radziszewo.pl\/wp-content\/uploads\/2022\/03\/S.P-00-768x278.jpg 768w, http:\/\/parafia-radziszewo.pl\/wp-content\/uploads\/2022\/03\/S.P-00-700x254.jpg 700w, http:\/\/parafia-radziszewo.pl\/wp-content\/uploads\/2022\/03\/S.P-00-332x120.jpg 332w, http:\/\/parafia-radziszewo.pl\/wp-content\/uploads\/2022\/03\/S.P-00.jpg 850w\" sizes=\"auto, (max-width: 300px) 100vw, 300px\" \/><\/p>\n<p style=\"text-align: center;\"><span style=\"font-size: 24px;\"><strong><span style=\"font-family: 'book antiqua', palatino, serif;\">ODESZLI DO WIECZNO\u015aCI W ROKU PA\u0143SKIM 2024<\/span><\/strong><\/span><\/p>\n<div style=\"padding-left: 80px;\"><em><strong><span style=\"font-family: 'book antiqua', palatino, serif; font-size: 20px;\"><span style=\"color: #000000;\">1.\u00a0 \u00a0+ Katarzyna Suliga<\/span><\/span><\/strong><\/em><\/div>\n<div style=\"padding-left: 80px;\"><em><strong><span style=\"font-family: 'book antiqua', palatino, serif; font-size: 20px;\"><span style=\"color: #000000;\">2.\u00a0 \u00a0+ S\u0142awomir Ga\u0142\u0119zowski<\/span><\/span><\/strong><\/em><\/div>\n<div style=\"padding-left: 80px;\"><em><strong><span style=\"font-family: 'book antiqua', palatino, serif; font-size: 20px;\">3.\u00a0 \u00a0+ Adam Oszmaniec<\/span><\/strong><\/em><\/div>\n<div style=\"padding-left: 80px;\"><em><strong><span style=\"font-family: 'book antiqua', palatino, serif; font-size: 20px;\">4.\u00a0 \u00a0+ Janusz Kasprzycki<\/span><\/strong><\/em><\/div>\n<div style=\"padding-left: 80px;\"><em><strong><span style=\"font-family: 'book antiqua', palatino, serif; font-size: 20px;\">5.\u00a0 \u00a0+ Irena Bie\u0144ko<\/span><\/strong><\/em><\/div>\n<div style=\"padding-left: 80px;\"><em><strong><span style=\"font-family: 'book antiqua', palatino, serif; font-size: 20px;\">6.\u00a0 \u00a0+ Jan D\u0105browski<\/span><\/strong><\/em><\/div>\n<div style=\"padding-left: 80px;\"><em><strong><span style=\"font-family: 'book antiqua', palatino, serif; font-size: 20px;\">7.\u00a0 \u00a0+ Miros\u0142aw Starobrzy\u0144ski<\/span><\/strong><\/em><\/div>\n<div style=\"padding-left: 80px;\"><em><strong><span style=\"font-family: 'book antiqua', palatino, serif; font-size: 20px;\">8.\u00a0 \u00a0+ Sebastian Terembu\u0142a<\/span><\/strong><\/em><\/div>\n<div style=\"padding-left: 80px;\"><em><strong><span style=\"font-family: 'book antiqua', palatino, serif; font-size: 20px;\">9.\u00a0 \u00a0+ Zofia B\u0142aszczyk<\/span><\/strong><\/em><\/div>\n<div style=\"padding-left: 80px;\"><em><strong><span style=\"font-family: 'book antiqua', palatino, serif; font-size: 20px;\">10. + Maria Myszkinis<\/span><\/strong><\/em><\/div>\n<div style=\"padding-left: 80px;\"><em><span style=\"font-size: 20px;\"><strong><span style=\"font-family: 'book antiqua', palatino, serif;\">11. + Wiktor Bie\u0144ko<\/span><\/strong><\/span><\/em><\/div>\n<div style=\"padding-left: 80px;\"><em><span style=\"font-size: 20px;\"><strong><span style=\"font-family: 'book antiqua', palatino, serif;\">12. + J\u00f3zef \u017bamojda<\/span><\/strong><\/span><\/em><strong><em><span style=\"font-family: 'book antiqua', palatino, serif; font-size: 20px;\">\u00a0<\/span><\/em><\/strong><\/div>\n<div style=\"padding-left: 80px;\"><span style=\"font-size: 20px;\"><em><strong><span style=\"font-family: 'book antiqua', palatino, serif;\">13. + J\u00f3zef Lewandowski<\/span><\/strong><\/em><\/span><\/div>\n<div style=\"padding-left: 80px;\"><span style=\"font-size: 20px;\"><em><strong><span style=\"font-family: 'book antiqua', palatino, serif;\">14. + Maria Zasikowska<\/span><\/strong><\/em><\/span><\/div>\n<div style=\"padding-left: 80px;\"><span style=\"font-size: 20px;\"><em><strong><span style=\"font-family: 'book antiqua', palatino, serif;\">15. + Wies\u0142awa Romaniszyn<\/span><\/strong><\/em><\/span><\/div>\n<div><span style=\"color: #000000; font-size: 8px;\"><em><span style=\"font-family: 'book antiqua', palatino, serif;\">.<\/span><\/em><\/span><\/div>\n<div style=\"text-align: center;\"><span style=\"font-family: 'book antiqua', palatino, serif; font-size: 20px;\"><em>Dobry Jezu, a nasz Panie, daj im wieczne spoczywanie!<\/em><\/span><\/div>\n<div><span style=\"color: #e6e6e6; font-size: 8px; font-family: 'andale mono', monospace;\">.<\/span><\/div>\n<div style=\"text-align: center;\"><span style=\"font-family: 'book antiqua', palatino, serif; font-size: 20px;\"><em>Wieczny odpoczynek racz im da\u0107 Panie,<\/em><\/span><\/div>\n<div style=\"text-align: center;\"><span style=\"font-family: 'book antiqua', palatino, serif; font-size: 20px;\"><em>a \u015bwiat\u0142o\u015b\u0107 wiekuista niechaj im \u015bwieci. Amen<\/em><\/span><\/div>\n<div style=\"text-align: center;\"><span style=\"font-family: 'book antiqua', palatino, serif; font-size: 12px;\">Pami\u0119tajmy, \u017ce po pogrzebie o zmar\u0142ych nale\u017cy pami\u0119ta\u0107, otaczaj\u0105c ich modlitewn\u0105 i pami\u0119ci\u0105.<\/span><\/div>\n<div><img loading=\"lazy\" decoding=\"async\" class=\"size-medium wp-image-2493 aligncenter\" src=\"http:\/\/parafia-radziszewo.pl\/wp-content\/uploads\/2022\/03\/grafika-pogrz-300x111.jpg\" alt=\"\" width=\"300\" height=\"111\" srcset=\"http:\/\/parafia-radziszewo.pl\/wp-content\/uploads\/2022\/03\/grafika-pogrz-300x111.jpg 300w, http:\/\/parafia-radziszewo.pl\/wp-content\/uploads\/2022\/03\/grafika-pogrz-768x285.jpg 768w, http:\/\/parafia-radziszewo.pl\/wp-content\/uploads\/2022\/03\/grafika-pogrz-700x260.jpg 700w, http:\/\/parafia-radziszewo.pl\/wp-content\/uploads\/2022\/03\/grafika-pogrz-332x123.jpg 332w, http:\/\/parafia-radziszewo.pl\/wp-content\/uploads\/2022\/03\/grafika-pogrz.jpg 971w\" sizes=\"auto, (max-width: 300px) 100vw, 300px\" \/><\/div>\n","protected":false},"excerpt":{"rendered":"<p>ODESZLI DO WIECZNO\u015aCI W ROKU PA\u0143SKIM 2024 1.\u00a0 \u00a0+ Katarzyna Suliga 2.\u00a0 \u00a0+ S\u0142awomir Ga\u0142\u0119zowski 3.\u00a0 \u00a0+ Adam Oszmaniec 4.\u00a0 \u00a0+ Janusz Kasprzycki 5.\u00a0 \u00a0+ Irena Bie\u0144ko 6.\u00a0 \u00a0+ Jan D\u0105browski 7.\u00a0 \u00a0+ Miros\u0142aw Starobrzy\u0144ski 8.\u00a0 \u00a0+ Sebastian Terembu\u0142a 9.\u00a0 \u00a0+ Zofia B\u0142aszczyk 10. + Maria Myszkinis 11. + Wiktor &#8230;<\/p>\n","protected":false},"author":1,"featured_media":0,"parent":0,"menu_order":22,"comment_status":"closed","ping_status":"closed","template":"","meta":{"footnotes":""},"class_list":["post-3364","page","type-page","status-publish","hentry","column","twocol"],"_links":{"self":[{"href":"http:\/\/parafia-radziszewo.pl\/index.php?rest_route=\/wp\/v2\/pages\/3364","targetHints":{"allow":["GET"]}}],"collection":[{"href":"http:\/\/parafia-radziszewo.pl\/index.php?rest_route=\/wp\/v2\/pages"}],"about":[{"href":"http:\/\/parafia-radziszewo.pl\/index.php?rest_route=\/wp\/v2\/types\/page"}],"author":[{"embeddable":true,"href":"http:\/\/parafia-radziszewo.pl\/index.php?rest_route=\/wp\/v2\/users\/1"}],"replies":[{"embeddable":true,"href":"http:\/\/parafia-radziszewo.pl\/index.php?rest_route=%2Fwp%2Fv2%2Fcomments&post=3364"}],"version-history":[{"count":13,"href":"http:\/\/parafia-radziszewo.pl\/index.php?rest_route=\/wp\/v2\/pages\/3364\/revisions"}],"predecessor-version":[{"id":3776,"href":"http:\/\/parafia-radziszewo.pl\/index.php?rest_route=\/wp\/v2\/pages\/3364\/revisions\/3776"}],"wp:attachment":[{"href":"http:\/\/parafia-radziszewo.pl\/index.php?rest_route=%2Fwp%2Fv2%2Fmedia&parent=3364"}],"curies":[{"name":"wp","href":"https:\/\/api.w.org\/{rel}","templated":true}]}}