{"id":3797,"date":"2026-02-26T21:23:37","date_gmt":"2026-02-26T20:23:37","guid":{"rendered":"http:\/\/parafia-radziszewo.pl\/?page_id=3797"},"modified":"2026-02-26T21:23:37","modified_gmt":"2026-02-26T20:23:37","slug":"zmarli-2026r","status":"publish","type":"page","link":"http:\/\/parafia-radziszewo.pl\/?page_id=3797","title":{"rendered":"Zmarli 2026r."},"content":{"rendered":"<p style=\"text-align: center;\"><img loading=\"lazy\" decoding=\"async\" class=\"alignnone size-medium wp-image-2467\" src=\"http:\/\/parafia-radziszewo.pl\/wp-content\/uploads\/2022\/03\/S.P-00-300x109.jpg\" alt=\"\" width=\"300\" height=\"109\" srcset=\"http:\/\/parafia-radziszewo.pl\/wp-content\/uploads\/2022\/03\/S.P-00-300x109.jpg 300w, http:\/\/parafia-radziszewo.pl\/wp-content\/uploads\/2022\/03\/S.P-00-768x278.jpg 768w, http:\/\/parafia-radziszewo.pl\/wp-content\/uploads\/2022\/03\/S.P-00-700x254.jpg 700w, http:\/\/parafia-radziszewo.pl\/wp-content\/uploads\/2022\/03\/S.P-00-332x120.jpg 332w, http:\/\/parafia-radziszewo.pl\/wp-content\/uploads\/2022\/03\/S.P-00.jpg 850w\" sizes=\"auto, (max-width: 300px) 100vw, 300px\" \/><\/p>\n<p style=\"text-align: center;\"><span style=\"font-size: 24px;\"><strong><span style=\"font-family: 'book antiqua', palatino, serif;\">ODESZLI DO WIECZNO\u015aCI W ROKU PA\u0143SKIM 2026<\/span><\/strong><\/span><\/p>\n<div style=\"padding-left: 80px;\"><em><strong><span style=\"font-family: 'book antiqua', palatino, serif; font-size: 20px;\">1.\u00a0 \u00a0<\/span><\/strong><strong><span style=\"font-family: 'book antiqua', palatino, serif; font-size: 20px;\">+<\/span><\/strong><\/em><\/div>\n<div style=\"padding-left: 80px;\"><em><strong><span style=\"font-family: 'book antiqua', palatino, serif; font-size: 20px;\">2.\u00a0 \u00a0+<\/span><\/strong><\/em><\/div>\n<div style=\"padding-left: 80px;\"><em><strong><span style=\"font-family: 'book antiqua', palatino, serif; font-size: 20px;\">3.\u00a0 \u00a0+<\/span><\/strong><\/em><\/div>\n<div style=\"padding-left: 80px;\"><\/div>\n<div><span style=\"color: #000000; font-size: 8px;\"><em><span style=\"font-family: 'book antiqua', palatino, serif;\">.<\/span><\/em><\/span><\/div>\n<div style=\"text-align: center;\"><span style=\"font-family: 'book antiqua', palatino, serif; font-size: 20px;\"><em>Dobry Jezu, a nasz Panie, daj im wieczne spoczywanie!<\/em><\/span><\/div>\n<div><span style=\"color: #000000; font-size: 8px;\"><em><span style=\"font-family: 'book antiqua', palatino, serif;\">.<\/span><\/em><\/span><\/div>\n<div>\n<div style=\"text-align: center;\"><span style=\"font-family: 'book antiqua', palatino, serif; font-size: 20px;\"><em>Wieczny odpoczynek racz im da\u0107 Panie,<\/em><\/span><\/div>\n<div style=\"text-align: center;\"><span style=\"font-family: 'book antiqua', palatino, serif; font-size: 20px;\"><em>a \u015bwiat\u0142o\u015b\u0107 wiekuista niechaj im \u015bwieci. Amen<\/em><\/span><\/div>\n<\/div>\n<div style=\"text-align: center;\"><span style=\"font-family: 'book antiqua', palatino, serif; font-size: 12px;\">Pami\u0119tajmy, \u017ce po pogrzebie o zmar\u0142ych nale\u017cy pami\u0119ta\u0107, otaczaj\u0105c ich modlitewn\u0105 i pami\u0119ci\u0105.<\/span><\/div>\n<div style=\"padding-left: 80px;\">\n<div style=\"text-align: center;\"><img loading=\"lazy\" decoding=\"async\" class=\"size-medium wp-image-2493 aligncenter\" src=\"http:\/\/parafia-radziszewo.pl\/wp-content\/uploads\/2022\/03\/grafika-pogrz-300x111.jpg\" alt=\"\" width=\"300\" height=\"111\" srcset=\"http:\/\/parafia-radziszewo.pl\/wp-content\/uploads\/2022\/03\/grafika-pogrz-300x111.jpg 300w, http:\/\/parafia-radziszewo.pl\/wp-content\/uploads\/2022\/03\/grafika-pogrz-768x285.jpg 768w, http:\/\/parafia-radziszewo.pl\/wp-content\/uploads\/2022\/03\/grafika-pogrz-700x260.jpg 700w, http:\/\/parafia-radziszewo.pl\/wp-content\/uploads\/2022\/03\/grafika-pogrz-332x123.jpg 332w, http:\/\/parafia-radziszewo.pl\/wp-content\/uploads\/2022\/03\/grafika-pogrz.jpg 971w\" sizes=\"auto, (max-width: 300px) 100vw, 300px\" \/><\/div>\n<\/div>\n","protected":false},"excerpt":{"rendered":"<p>ODESZLI DO WIECZNO\u015aCI W ROKU PA\u0143SKIM 2026 1.\u00a0 \u00a0+ 2.\u00a0 \u00a0+ 3.\u00a0 \u00a0+ . Dobry Jezu, a nasz Panie, daj im wieczne spoczywanie! . Wieczny odpoczynek racz im da\u0107 Panie, a \u015bwiat\u0142o\u015b\u0107 wiekuista niechaj im \u015bwieci. Amen Pami\u0119tajmy, \u017ce po pogrzebie o zmar\u0142ych nale\u017cy pami\u0119ta\u0107, otaczaj\u0105c ich modlitewn\u0105 i pami\u0119ci\u0105.<\/p>\n","protected":false},"author":1,"featured_media":0,"parent":0,"menu_order":20,"comment_status":"closed","ping_status":"closed","template":"","meta":{"footnotes":""},"class_list":["post-3797","page","type-page","status-publish","hentry","column","twocol"],"_links":{"self":[{"href":"http:\/\/parafia-radziszewo.pl\/index.php?rest_route=\/wp\/v2\/pages\/3797","targetHints":{"allow":["GET"]}}],"collection":[{"href":"http:\/\/parafia-radziszewo.pl\/index.php?rest_route=\/wp\/v2\/pages"}],"about":[{"href":"http:\/\/parafia-radziszewo.pl\/index.php?rest_route=\/wp\/v2\/types\/page"}],"author":[{"embeddable":true,"href":"http:\/\/parafia-radziszewo.pl\/index.php?rest_route=\/wp\/v2\/users\/1"}],"replies":[{"embeddable":true,"href":"http:\/\/parafia-radziszewo.pl\/index.php?rest_route=%2Fwp%2Fv2%2Fcomments&post=3797"}],"version-history":[{"count":2,"href":"http:\/\/parafia-radziszewo.pl\/index.php?rest_route=\/wp\/v2\/pages\/3797\/revisions"}],"predecessor-version":[{"id":4192,"href":"http:\/\/parafia-radziszewo.pl\/index.php?rest_route=\/wp\/v2\/pages\/3797\/revisions\/4192"}],"wp:attachment":[{"href":"http:\/\/parafia-radziszewo.pl\/index.php?rest_route=%2Fwp%2Fv2%2Fmedia&parent=3797"}],"curies":[{"name":"wp","href":"https:\/\/api.w.org\/{rel}","templated":true}]}}